{"id":1173,"date":"2025-09-04T11:29:32","date_gmt":"2025-09-04T09:29:32","guid":{"rendered":"https:\/\/camping-de-la-prairie.fr\/home\/"},"modified":"2025-12-04T11:48:05","modified_gmt":"2025-12-04T10:48:05","slug":"accueil-2","status":"publish","type":"page","link":"https:\/\/camping-de-la-prairie.fr\/en\/","title":{"rendered":"Home"},"content":{"rendered":"<div class=\"diaporama-header align-full\"><div class=\"gallery\"><figure class=\"gallery__item\"><picture><source srcset=\"https:\/\/camping-de-la-prairie.fr\/wp-content\/uploads\/2025\/10\/AdobeStock_32286168-1-420x279.webp\" media=\"(max-width: 210px)\"><source srcset=\"https:\/\/camping-de-la-prairie.fr\/wp-content\/uploads\/2025\/10\/AdobeStock_32286168-1-850x564.webp\" media=\"(max-width: 420px)\"><source srcset=\"https:\/\/camping-de-la-prairie.fr\/wp-content\/uploads\/2025\/10\/AdobeStock_32286168-1-768x510.webp\" media=\"(max-width: 850px)\"><source srcset=\"https:\/\/camping-de-la-prairie.fr\/wp-content\/uploads\/2025\/10\/AdobeStock_32286168-1-1024x680.webp\" media=\"(max-width: 1024px)\"><source srcset=\"https:\/\/camping-de-la-prairie.fr\/wp-content\/uploads\/2025\/10\/AdobeStock_32286168-1.webp\" media=\"(min-width: 1025px)\"><img loading=\"lazy\" decoding=\"async\" src=\"https:\/\/camping-de-la-prairie.fr\/wp-content\/uploads\/2025\/10\/AdobeStock_32286168-1-420x279.webp\" width=\"420\" height=\"210\" alt=\"\" title=\"\"><\/picture><\/figure><\/div><div class=\"diaporama-header__inner\"><div class=\"buttons display-flex\" style=\"justify-content: right;\"><a rel=\"noreferrer noopener\" class=\"buttons__btn is-style-deco btn-resa\">Our <span class=\"fc-span\">accommodations<\/span><\/a><\/div><\/div><\/div><div class=\"group sec-05 -gap-2 align-full has-bg has-vert-bg-color\" style=\"background-color:var(--vert);\"><figure class=\"deco oiseau fade-down\"><picture><source srcset=\"https:\/\/camping-de-la-prairie.fr\/wp-content\/uploads\/2025\/09\/deco-oiseau.webp\" media=\"(max-width: 210px)\"><source srcset=\"https:\/\/camping-de-la-prairie.fr\/wp-content\/uploads\/2025\/09\/deco-oiseau.webp\" media=\"(max-width: 420px)\"><source srcset=\"https:\/\/camping-de-la-prairie.fr\/wp-content\/uploads\/2025\/09\/deco-oiseau.webp\" media=\"(max-width: 850px)\"><source srcset=\"https:\/\/camping-de-la-prairie.fr\/wp-content\/uploads\/2025\/09\/deco-oiseau.webp\" media=\"(max-width: 1024px)\"><source srcset=\"https:\/\/camping-de-la-prairie.fr\/wp-content\/uploads\/2025\/09\/deco-oiseau.webp\" media=\"(min-width: 1025px)\"><img decoding=\"async\" src=\"https:\/\/camping-de-la-prairie.fr\/wp-content\/uploads\/2025\/09\/deco-oiseau.webp\" width=\"420\" height=\"210\" loading=\"lazy\" alt=\"\" title=\"\"><\/picture><\/figure><div class=\"columns\" style=\"align-items:center;\"><div class=\"columns__item texte fade-left\" style=\"align-self:center;\"><p class=\"deco-texte\"   ><em>Get away from it all<\/em> <strong>in Normandy<\/strong> <span class=\"fc-span\">and put down your bags with us<\/span><\/p><\/div><div class=\"columns__item media align-full-right fade-up\" style=\"align-self:center;\"><figure class=\"map\"><picture><source srcset=\"https:\/\/camping-de-la-prairie.fr\/wp-content\/uploads\/2025\/09\/map-camping-de-la-prairie-420x295.webp\" media=\"(max-width: 210px)\"><source srcset=\"https:\/\/camping-de-la-prairie.fr\/wp-content\/uploads\/2025\/09\/map-camping-de-la-prairie-850x598.webp\" media=\"(max-width: 420px)\"><source srcset=\"https:\/\/camping-de-la-prairie.fr\/wp-content\/uploads\/2025\/09\/map-camping-de-la-prairie-768x540.webp\" media=\"(max-width: 850px)\"><source srcset=\"https:\/\/camping-de-la-prairie.fr\/wp-content\/uploads\/2025\/09\/map-camping-de-la-prairie-1024x720.webp\" media=\"(max-width: 1024px)\"><source srcset=\"https:\/\/camping-de-la-prairie.fr\/wp-content\/uploads\/2025\/09\/map-camping-de-la-prairie.webp\" media=\"(min-width: 1025px)\"><img decoding=\"async\" src=\"https:\/\/camping-de-la-prairie.fr\/wp-content\/uploads\/2025\/09\/map-camping-de-la-prairie-420x295.webp\" width=\"420\" height=\"210\" loading=\"lazy\" alt=\"\" title=\"\"><\/picture><\/figure><\/div><\/div><\/div><div class=\"columns reverse-mob\" style=\"align-items:center;\"><div class=\"columns__item media fade-left\" style=\"align-self:center;\"><div class=\"gallery ratio-1-1 f-carousel fc-diapo\" data-fancybox=\"gallery\"><figure class=\"gallery__item\"><picture><source srcset=\"https:\/\/camping-de-la-prairie.fr\/wp-content\/uploads\/2025\/09\/campingn-prairie-mobil-homes-fleuri-420x420.webp\" media=\"(max-width: 210px)\"><source srcset=\"https:\/\/camping-de-la-prairie.fr\/wp-content\/uploads\/2025\/09\/campingn-prairie-mobil-homes-fleuri-850x850.webp\" media=\"(max-width: 420px)\"><source srcset=\"https:\/\/camping-de-la-prairie.fr\/wp-content\/uploads\/2025\/09\/campingn-prairie-mobil-homes-fleuri-768x768.webp\" media=\"(max-width: 850px)\"><source srcset=\"https:\/\/camping-de-la-prairie.fr\/wp-content\/uploads\/2025\/09\/campingn-prairie-mobil-homes-fleuri-1024x1024.webp\" media=\"(max-width: 1024px)\"><source srcset=\"https:\/\/camping-de-la-prairie.fr\/wp-content\/uploads\/2025\/09\/campingn-prairie-mobil-homes-fleuri.webp\" media=\"(min-width: 1025px)\"><img decoding=\"async\" src=\"https:\/\/camping-de-la-prairie.fr\/wp-content\/uploads\/2025\/09\/campingn-prairie-mobil-homes-fleuri-420x420.webp\" width=\"420\" height=\"210\" loading=\"lazy\" alt=\"\" title=\"\"><\/picture><\/figure><\/div><\/div><div class=\"columns__item texte flex-13 fade-right\" style=\"align-self:center;\"><h1>Welcome to Camping** de la Prairie in the center of Port-en-Bessin <span class=\"fc-span\">, in the heart of the D-Day landing beaches.<\/span><\/h1><p    >Located <strong>right in the center of Port-en-Bessin<\/strong>, our campsite is a haven of greenery amidst the bustle of the town. Here, you can put down the car and <strong>enjoy everything on foot<\/strong>: shops, market, restaurants and the fishing port are all just a few steps away. <\/p><div class=\"lireplus fc-mob\"><p    >Read more<\/p><div class=\"group\"><div class=\"group\"><p   id=\"gid_0\" >In this calm, landscaped, green setting, serenity is combined with practicality. Just a ten-minute drive takes you to the famous <g id=\"gid_0\">Omaha Beach and the D-Day landing beaches<\/g>. Bayeux and its famous tapestry are also nearby.  <\/p><p    >You can easily explore the C\u00f4te de Nacre, the C\u00f4te Fleurie, picturesque ports and the Normandy countryside, while enjoying the<strong>calm, natural atmosphere<\/strong> of the campsite every evening.<\/p><p    ><\/p><\/div><\/div><\/div><div class=\"buttons\"><a rel=\"noreferrer noopener\" class=\"buttons__btn btn-resa\">Book<\/a><\/div><\/div><\/div><div class=\"group sec-10 align-full has-bg has-gris-bg-color\" style=\"background-color:var(--gris);\"><h2 class=\"gap-2\" style=\"text-align: center;\">Our<span class=\"fc-span\"> peaceful<\/span> accommodation<span class=\"fc-span\"> in the heart of Port-en-Bessin<\/span><\/h2><figure class=\"deco cercle\"><picture><source srcset=\"https:\/\/camping-de-la-prairie.fr\/wp-content\/uploads\/2025\/09\/deco-cercle-420x420.webp\" media=\"(max-width: 210px)\"><source srcset=\"https:\/\/camping-de-la-prairie.fr\/wp-content\/uploads\/2025\/09\/deco-cercle-850x850.webp\" media=\"(max-width: 420px)\"><source srcset=\"https:\/\/camping-de-la-prairie.fr\/wp-content\/uploads\/2025\/09\/deco-cercle-768x768.webp\" media=\"(max-width: 850px)\"><source srcset=\"https:\/\/camping-de-la-prairie.fr\/wp-content\/uploads\/2025\/09\/deco-cercle-1024x1024.webp\" media=\"(max-width: 1024px)\"><source srcset=\"https:\/\/camping-de-la-prairie.fr\/wp-content\/uploads\/2025\/09\/deco-cercle.webp\" media=\"(min-width: 1025px)\"><img decoding=\"async\" src=\"https:\/\/camping-de-la-prairie.fr\/wp-content\/uploads\/2025\/09\/deco-cercle-420x420.webp\" width=\"420\" height=\"210\" loading=\"lazy\" alt=\"\" title=\"\"><\/picture><\/figure><div class=\"gallery fade-down f-carousel fc-diapo-mob\" data-fancybox=\"gallery-mob\"><figure class=\"gallery__item deco-fig\"><a href=\"https:\/\/camping-de-la-prairie.fr\/en\/rentals\/\"><picture><source srcset=\"https:\/\/camping-de-la-prairie.fr\/wp-content\/uploads\/2025\/09\/camping-prairie-mh-soleil-420x420.webp\" media=\"(max-width: 210px)\"><source srcset=\"https:\/\/camping-de-la-prairie.fr\/wp-content\/uploads\/2025\/09\/camping-prairie-mh-soleil-850x850.webp\" media=\"(max-width: 420px)\"><source srcset=\"https:\/\/camping-de-la-prairie.fr\/wp-content\/uploads\/2025\/09\/camping-prairie-mh-soleil-768x768.webp\" media=\"(max-width: 850px)\"><source srcset=\"https:\/\/camping-de-la-prairie.fr\/wp-content\/uploads\/2025\/09\/camping-prairie-mh-soleil-1024x1024.webp\" media=\"(max-width: 1024px)\"><source srcset=\"https:\/\/camping-de-la-prairie.fr\/wp-content\/uploads\/2025\/09\/camping-prairie-mh-soleil.webp\" media=\"(min-width: 1025px)\"><img decoding=\"async\" src=\"https:\/\/camping-de-la-prairie.fr\/wp-content\/uploads\/2025\/09\/camping-prairie-mh-soleil-420x420.webp\" width=\"420\" height=\"210\" loading=\"lazy\" alt=\"\" title=\"\"><\/picture><figcaption>Mobile homes<\/figcaption><\/a><\/figure><figure class=\"gallery__item deco-fig\"><a href=\"https:\/\/camping-de-la-prairie.fr\/en\/pitches\/\"><picture><source srcset=\"https:\/\/camping-de-la-prairie.fr\/wp-content\/uploads\/2025\/09\/prairie-emplacement-420x420.webp\" media=\"(max-width: 210px)\"><source srcset=\"https:\/\/camping-de-la-prairie.fr\/wp-content\/uploads\/2025\/09\/prairie-emplacement-850x850.webp\" media=\"(max-width: 420px)\"><source srcset=\"https:\/\/camping-de-la-prairie.fr\/wp-content\/uploads\/2025\/09\/prairie-emplacement-768x768.webp\" media=\"(max-width: 850px)\"><source srcset=\"https:\/\/camping-de-la-prairie.fr\/wp-content\/uploads\/2025\/09\/prairie-emplacement-1024x1024.webp\" media=\"(max-width: 1024px)\"><source srcset=\"https:\/\/camping-de-la-prairie.fr\/wp-content\/uploads\/2025\/09\/prairie-emplacement.webp\" media=\"(min-width: 1025px)\"><img decoding=\"async\" src=\"https:\/\/camping-de-la-prairie.fr\/wp-content\/uploads\/2025\/09\/prairie-emplacement-420x420.webp\" width=\"420\" height=\"210\" loading=\"lazy\" alt=\"\" title=\"\"><\/picture><figcaption>Locations<\/figcaption><\/a><\/figure><figure class=\"gallery__item deco-fig\"><a href=\"https:\/\/camping-de-la-prairie.fr\/en\/traveling-by-bike\/\"><picture><source srcset=\"https:\/\/camping-de-la-prairie.fr\/wp-content\/uploads\/2025\/09\/00000899706-315x420.webp\" media=\"(max-width: 210px)\"><source srcset=\"https:\/\/camping-de-la-prairie.fr\/wp-content\/uploads\/2025\/09\/00000899706-638x850.webp\" media=\"(max-width: 420px)\"><source srcset=\"https:\/\/camping-de-la-prairie.fr\/wp-content\/uploads\/2025\/09\/00000899706-768x1024.webp\" media=\"(max-width: 850px)\"><source srcset=\"https:\/\/camping-de-la-prairie.fr\/wp-content\/uploads\/2025\/09\/00000899706-768x1024.webp\" media=\"(max-width: 1024px)\"><source srcset=\"https:\/\/camping-de-la-prairie.fr\/wp-content\/uploads\/2025\/09\/00000899706.webp\" media=\"(min-width: 1025px)\"><img decoding=\"async\" src=\"https:\/\/camping-de-la-prairie.fr\/wp-content\/uploads\/2025\/09\/00000899706-315x420.webp\" width=\"420\" height=\"210\" loading=\"lazy\" alt=\"\" title=\"\"><\/picture><figcaption>Bike home<\/figcaption><\/a><\/figure><\/div><\/div><div class=\"columns\" style=\"align-items:center;\"><div class=\"columns__item texte fade-left\" style=\"align-self:center;\"><h2>Explore Normandy <span class=\"fc-span\">: history, nature and gastronomy<\/span><\/h2><p    >From the campsite, discover the richness of Normandy.<\/p><p    >History buffs will love the museums, while nature lovers will enjoy the coastal paths, seascapes and Normandy countryside.<\/p><div class=\"lireplus fc-mob\"><p    >Read more<\/p><div class=\"group\"><div class=\"group\"><p    >It&#8217;s impossible to leave without visiting the <strong>town of Bayeux<\/strong>, strolling through the picturesque port of Port-en-Bessin and sampling its seafood, discovering the impressive cliffs and strolling along the <strong>D-Day beaches<\/strong>.<\/p><\/div><\/div><\/div><div class=\"buttons\"><a href=\"https:\/\/camping-de-la-prairie.fr\/en\/surroundings\/\" rel=\"noreferrer noopener\" class=\"buttons__btn\">Surroundings<\/a><\/div><\/div><div class=\"columns__item media flex-16 fade-right\" style=\"align-self:center;\"><div class=\"gallery\"><figure class=\"gallery__item\"><picture><source srcset=\"https:\/\/camping-de-la-prairie.fr\/wp-content\/uploads\/2025\/09\/alentours-camping-prairie-420x274.webp\" media=\"(max-width: 210px)\"><source srcset=\"https:\/\/camping-de-la-prairie.fr\/wp-content\/uploads\/2025\/09\/alentours-camping-prairie-850x554.webp\" media=\"(max-width: 420px)\"><source srcset=\"https:\/\/camping-de-la-prairie.fr\/wp-content\/uploads\/2025\/09\/alentours-camping-prairie-768x500.webp\" media=\"(max-width: 850px)\"><source srcset=\"https:\/\/camping-de-la-prairie.fr\/wp-content\/uploads\/2025\/09\/alentours-camping-prairie-1024x667.webp\" media=\"(max-width: 1024px)\"><source srcset=\"https:\/\/camping-de-la-prairie.fr\/wp-content\/uploads\/2025\/09\/alentours-camping-prairie.webp\" media=\"(min-width: 1025px)\"><img decoding=\"async\" src=\"https:\/\/camping-de-la-prairie.fr\/wp-content\/uploads\/2025\/09\/alentours-camping-prairie-420x274.webp\" width=\"420\" height=\"210\" loading=\"lazy\" alt=\"\" title=\"\"><\/picture><\/figure><\/div><\/div><\/div><div class=\"columns reverse-mob has-vert-bg-color has-bg align-full\" style=\"align-items:center;background-color:var(--vert);\"><div class=\"columns__item media align-full-left fade-left\" style=\"align-self:center;\"><div class=\"gallery f-carousel fc-diapo-mob\" data-fancybox=\"gallery-mob\"><figure class=\"gallery__item\"><picture><source srcset=\"https:\/\/camping-de-la-prairie.fr\/wp-content\/uploads\/2025\/09\/banner-camping-prairie-420x210.webp\" media=\"(max-width: 210px)\"><source srcset=\"https:\/\/camping-de-la-prairie.fr\/wp-content\/uploads\/2025\/09\/banner-camping-prairie-850x425.webp\" media=\"(max-width: 420px)\"><source srcset=\"https:\/\/camping-de-la-prairie.fr\/wp-content\/uploads\/2025\/09\/banner-camping-prairie-768x384.webp\" media=\"(max-width: 850px)\"><source srcset=\"https:\/\/camping-de-la-prairie.fr\/wp-content\/uploads\/2025\/09\/banner-camping-prairie-1024x512.webp\" media=\"(max-width: 1024px)\"><source srcset=\"https:\/\/camping-de-la-prairie.fr\/wp-content\/uploads\/2025\/09\/banner-camping-prairie.webp\" media=\"(min-width: 1025px)\"><img decoding=\"async\" src=\"https:\/\/camping-de-la-prairie.fr\/wp-content\/uploads\/2025\/09\/banner-camping-prairie-420x210.webp\" width=\"420\" height=\"210\" loading=\"lazy\" alt=\"\" title=\"\"><\/picture><\/figure><\/div><\/div><div class=\"columns__item texte fade-right\" style=\"align-self:center;\"><h2 style=\"text-align: center;\">The charm of a simple, <span class=\"fc-span\">quiet and ideally located<\/span> campsite<\/h2><p class=\"center\" style=\"text-align: center;\"  >Ici, tout se vit \u00e0 pied, au rythme de la mer et du village. Install\u00e9 au <strong>centre de Port-en-Bessin,<\/strong> notre camping vous plonge dans l\u2019ambiance authentique d\u2019un petit port de p\u00eache normand.<\/p><div class=\"lireplus fc-mob\"><p class=\"center\" style=\"text-align: center;\"  >Read more<\/p><div class=\"group\"><div class=\"group\"><p class=\"center\" style=\"text-align: center;\"  >Vous profitez d\u2019une <strong>situation unique<\/strong> : le march\u00e9, les commerces, les restaurants et le port anim\u00e9 sont<strong> \u00e0 deux pas<\/strong>, tandis que la qui\u00e9tude du lieu et la verdure environnante vous offrent de vrais moments de d\u00e9tente. Nos vacanciers aiment cette simplicit\u00e9, cette convivialit\u00e9, ce sentiment d\u2019\u00eatre \u201c<strong>comme \u00e0 la maison<\/strong>\u201d. Entre mer et nature, c\u2019est un petit havre de paix o\u00f9 l\u2019on se ressource, sans artifice, dans la bonne humeur et la douceur de vivre normande.<\/p><\/div><\/div><\/div><div class=\"buttons display-flex\" style=\"justify-content: center;\"><a href=\"https:\/\/camping-de-la-prairie.fr\/en\/welcome-to-our-home\/\" rel=\"noreferrer noopener\" class=\"buttons__btn\">Read more<\/a><\/div><figure class=\"deco vague\"><picture><source srcset=\"https:\/\/camping-de-la-prairie.fr\/wp-content\/uploads\/2025\/09\/deco-vague-blanc.webp\" media=\"(max-width: 210px)\"><source srcset=\"https:\/\/camping-de-la-prairie.fr\/wp-content\/uploads\/2025\/09\/deco-vague-blanc.webp\" media=\"(max-width: 420px)\"><source srcset=\"https:\/\/camping-de-la-prairie.fr\/wp-content\/uploads\/2025\/09\/deco-vague-blanc.webp\" media=\"(max-width: 850px)\"><source srcset=\"https:\/\/camping-de-la-prairie.fr\/wp-content\/uploads\/2025\/09\/deco-vague-blanc.webp\" media=\"(max-width: 1024px)\"><source srcset=\"https:\/\/camping-de-la-prairie.fr\/wp-content\/uploads\/2025\/09\/deco-vague-blanc.webp\" media=\"(min-width: 1025px)\"><img decoding=\"async\" src=\"https:\/\/camping-de-la-prairie.fr\/wp-content\/uploads\/2025\/09\/deco-vague-blanc.webp\" width=\"420\" height=\"210\" loading=\"lazy\" alt=\"\" title=\"\"><\/picture><\/figure><\/div><\/div>","protected":false},"excerpt":{"rendered":"<p>Get away from it all in Normandy and put down your bags with us Welcome to Camping** de la Prairie in the center of Port-en-Bessin , in the heart of the D-Day landing beaches. Located right in the center of Port-en-Bessin, our campsite is a haven of greenery amidst the bustle of the town. Here, [&hellip;]<\/p>\n","protected":false},"author":1,"featured_media":0,"parent":0,"menu_order":0,"comment_status":"open","ping_status":"open","template":"","meta":{"_acf_changed":false,"footnotes":""},"acf":[],"_links":{"self":[{"href":"https:\/\/camping-de-la-prairie.fr\/en\/wp-json\/wp\/v2\/pages\/1173"}],"collection":[{"href":"https:\/\/camping-de-la-prairie.fr\/en\/wp-json\/wp\/v2\/pages"}],"about":[{"href":"https:\/\/camping-de-la-prairie.fr\/en\/wp-json\/wp\/v2\/types\/page"}],"author":[{"embeddable":true,"href":"https:\/\/camping-de-la-prairie.fr\/en\/wp-json\/wp\/v2\/users\/1"}],"replies":[{"embeddable":true,"href":"https:\/\/camping-de-la-prairie.fr\/en\/wp-json\/wp\/v2\/comments?post=1173"}],"version-history":[{"count":26,"href":"https:\/\/camping-de-la-prairie.fr\/en\/wp-json\/wp\/v2\/pages\/1173\/revisions"}],"predecessor-version":[{"id":1402,"href":"https:\/\/camping-de-la-prairie.fr\/en\/wp-json\/wp\/v2\/pages\/1173\/revisions\/1402"}],"wp:attachment":[{"href":"https:\/\/camping-de-la-prairie.fr\/en\/wp-json\/wp\/v2\/media?parent=1173"}],"curies":[{"name":"wp","href":"https:\/\/api.w.org\/{rel}","templated":true}]}}